{"id":1454,"date":"2018-05-22T07:03:34","date_gmt":"2018-05-22T07:03:34","guid":{"rendered":"http:\/\/192.168.0.108\/poster\/?page_id=1454"},"modified":"2026-03-12T10:17:12","modified_gmt":"2026-03-12T14:17:12","slug":"home-5","status":"publish","type":"page","link":"https:\/\/leandrosepulveda.com\/site\/","title":{"rendered":"Home 5"},"content":{"rendered":"<div class=\"wpb-content-wrapper\"><p>[vc_row full_width=&#8221;stretch_row_content_no_spaces&#8221; shape=&#8221;Shape2&#8243; css=&#8221;.vc_custom_1527227735091{background-position: center !important;background-repeat: no-repeat !important;background-size: cover !important;}&#8221; el_class=&#8221;gray-bg&#8221;][vc_column css=&#8221;.vc_custom_1527158176132{margin-top: 0px !important;margin-bottom: 0px !important;padding-top: 0px !important;}&#8221;]<div  class=\"rs-banner full-screen \"  style=\"background-image: url(https:\/\/leandrosepulveda.com\/site\/wp-content\/uploads\/2020\/09\/header1.png)\">\r\n        \t\t\t\r\n\t\t\t\t    <div class=\"container\">\r\n\t\t\t\t        <div class=\"banner-content balign-left\">\r\n\t\t\t                <h2 class=\"banner_title\" >\u00a1HOLA! Soy Leandro<\/h2>\r\n\r\n\t\t\t                <div class=\"work-position\">\r\n\t\t\t                    <div class=\"cd-headline clip\" >\r\n\t\t\t\t\t\t\t\t\t\t<div class=\"cd-words-wrapper\">\r\n\t\t\t\t\t\t\t\t\t\t\t<p>Desarrollador de Aplicaciones<\/p>\n<p>Administrador de Sistemas<\/p>\n<p>Aficionado a la Electr\u00f3nica<\/p>\n<p>Aficionado a Arduino<\/p>\n<p>M\u00fasico Aficionado<\/p>\r\n\t\t\t\t\t\t\t\t\t\t<\/div>\r\n\t\t\t\t\t\t\t\t\t<\/div><\/div>\r\n\t\t\t                <div class=\"banner-introtext\"><\/div><div class=\"banner-button\">\r\n\t\t\t\t                    <ul>\r\n\t\t\t\t                        <li><a href=\"https:\/\/leandrosepulveda.com\/recursos\/CV_Leandro_Sepulveda(English)2024.pdf\" title=\"Download Resume\" target=\"_blank\" class=\"readon border smoothPortfolio\">Curr\u00edculum(Ingl\u00e9s)<\/a><\/li>\r\n\t\t\t\t                        <li><a href=\"https:\/\/leandrosepulveda.com\/recursos\/cv_leandro_sepulveda2024.pdf\" title=\"Descargar Curriculum\" target=\"_blank\" class=\"readon border\">Curr\u00edculum(Espa\u00f1ol)<\/a><\/li>\t\t\t                        \r\n\t\t\t\t                    <\/ul>\r\n\t\t\t\t                <\/div><\/div>\r\n\t\t\t\t    <\/div><\/div>[\/vc_column][\/vc_row][vc_row full_width=&#8221;stretch_row&#8221; css=&#8221;.vc_custom_1527665117672{padding-top: 56px !important;padding-bottom: 60px !important;background-color: #f8f8f8 !important;}&#8221; el_id=&#8221;rs-skills&#8221; el_class=&#8221;rs-skills&#8221;][vc_column width=&#8221;1\/2&#8243;]\r\n        <div class=\"rs-heading   \">\r\n        \t<div class=\"title-inner\">\r\n\t            \r\n\t            <h2>Experiencia<\/h2>\r\n\t        <\/div><\/div>[vc_column_text css=&#8221;&#8221;]<\/p>\n<div class=\"resume-item\">\n<h4>Indotel &#8211; Programador Web<\/h4>\n<p class=\"duration\">(2016 \u2013 2020)<\/p>\n<p class=\"square-effect\">Desarrollar y mantener aplicaciones web utilizando C#, PHP, MS SQL<br \/>\nServer y MySQL, as\u00ed como tambi\u00e9n ayudar al encargado de<br \/>\ninfraestructura a administrar los servidores web.<\/p>\n<\/div>\n<div class=\"resume-item\">\n<h4>Mitur\u00a0 &#8211; Programador<\/h4>\n<p class=\"duration\">(2012 \u2013 2016)<\/p>\n<p class=\"square-effect\">Desarrollar nuevas funcionalidades para la intranet del Departamento de Planificaci\u00f3n y Proyectos. Administrar y mantener la base de datos de la\u00a0 intranet(MS SQL Server 2008). Administrar el servidor que aloja la intranet(Windows Server 2008 R2). Identificar posibles puntos de ataque en la aplicaci\u00f3n web. Administraci\u00f3n y Mantenimiento de la base de datos de la aplicaci\u00f3n web.\u00a0 Administraci\u00f3n del Hosting y los Backups de la aplicaci\u00f3n web (Linux CentOS).<\/p>\n<p><a href=\"https:\/\/www.linkedin.com\/in\/leandro-juan-sep%C3%BAlveda-cuevas-7718b46\/\" target=\"_blank\" rel=\"noopener\"><img loading=\"lazy\" decoding=\"async\" class=\"alignnone wp-image-2440\" src=\"http:\/\/leandrosepulveda.com\/site\/wp-content\/uploads\/2024\/09\/depositphotos_415634850-stock-illustration-linkedin-logo-vector-editorial-illustration-300x297.webp\" alt=\"\" width=\"84\" height=\"83\" srcset=\"https:\/\/leandrosepulveda.com\/site\/wp-content\/uploads\/2024\/09\/depositphotos_415634850-stock-illustration-linkedin-logo-vector-editorial-illustration-300x300.webp 300w, https:\/\/leandrosepulveda.com\/site\/wp-content\/uploads\/2024\/09\/depositphotos_415634850-stock-illustration-linkedin-logo-vector-editorial-illustration-150x150.webp 150w, https:\/\/leandrosepulveda.com\/site\/wp-content\/uploads\/2024\/09\/depositphotos_415634850-stock-illustration-linkedin-logo-vector-editorial-illustration-100x100.webp 100w, https:\/\/leandrosepulveda.com\/site\/wp-content\/uploads\/2024\/09\/depositphotos_415634850-stock-illustration-linkedin-logo-vector-editorial-illustration.webp 600w\" sizes=\"auto, (max-width: 84px) 100vw, 84px\" \/><\/a><\/p>\n<\/div>\n<p>[\/vc_column_text][\/vc_column][vc_column width=&#8221;1\/2&#8243;]\r\n        <div class=\"rs-heading  vc_custom_1600536673047  \">\r\n        \t<div class=\"title-inner\">\r\n\t            \r\n\t            <h2>Habilidades<\/h2>\r\n\t        <\/div><\/div>[vc_progress_bar values=&#8221;%5B%7B%22label%22%3A%22Desarrollo%20Web%22%2C%22value%22%3A%2295%22%7D%2C%7B%22label%22%3A%22Bases%20de%20Datos%22%2C%22value%22%3A%2270%22%7D%2C%7B%22label%22%3A%22Redes%20de%20Datos%22%2C%22value%22%3A%2240%22%7D%2C%7B%22label%22%3A%22Servidores%22%2C%22value%22%3A%2260%22%7D%2C%7B%22label%22%3A%22Ingl%C3%A9s%22%2C%22value%22%3A%2267%22%7D%5D&#8221; bgcolor=&#8221;black&#8221; options=&#8221;striped,animated&#8221; css=&#8221;.vc_custom_1600537147984{padding-top: 5px !important;}&#8221; units=&#8221;%&#8221;][vc_column_text css=&#8221;&#8221;]<\/p>\n<div style=\"margin: 20px 0px 0px 0px;\">\n<div style=\"width: 640px;\" class=\"wp-video\"><video class=\"wp-video-shortcode\" id=\"video-1454-1\" width=\"640\" height=\"305\" preload=\"metadata\" controls=\"controls\"><source type=\"video\/mp4\" src=\"http:\/\/leandrosepulveda.com\/site\/wp-content\/uploads\/2026\/03\/8a3f0d75-ce2e-4e2b-b0e6-54d01b2be6f6.mp4?_=1\" \/><a href=\"http:\/\/leandrosepulveda.com\/site\/wp-content\/uploads\/2026\/03\/8a3f0d75-ce2e-4e2b-b0e6-54d01b2be6f6.mp4\">http:\/\/leandrosepulveda.com\/site\/wp-content\/uploads\/2026\/03\/8a3f0d75-ce2e-4e2b-b0e6-54d01b2be6f6.mp4<\/a><\/video><\/div>\n<\/div>\n<p>[\/vc_column_text][\/vc_column][\/vc_row][vc_row full_width=&#8221;stretch_row&#8221; css=&#8221;.vc_custom_1527663275181{padding-top: 66px !important;padding-bottom: 65px !important;}&#8221; el_id=&#8221;rs-services&#8221; el_class=&#8221;service-square-effect&#8221;][vc_column][vc_row_inner][vc_column_inner width=&#8221;1\/3&#8243;]<div class=\"rs-services\"><div class=\"service-inner services-style-2 left \">\r\n\t\t\t\t<div class=\"services-wrap\"> \r\n\t\t\t        <div class=\"services-item\">\r\n\t\t\t            <div class=\"services-icon\">\r\n\t\t\t                <a ><img decoding=\"async\" src=\"https:\/\/leandrosepulveda.com\/site\/wp-content\/uploads\/2018\/05\/web-design.png\" alt=\"Rs-service\" \/><\/a>\r\n\t\t\t            <\/div>\r\n\t\t\t\t\t\t<h3 class=\"services-title services-title2\"><a >Desarrollo de Apps<\/a><\/h3>       \r\n\t\t\t\t\t\t<div class=\"services-desc\">\t\t\t\r\n\t\t\t\t\t\t\tDesarrollo, implementaci\u00f3n y ejecuci\u00f3n de\u00a0 aplicaciones web y m\u00f3viles. \r\n\t\t\t\t\t\t<\/div>\t\t\r\n\t\t\t\t\t<\/div>\t\r\n\t\t\t\t<\/div>\r\n\t\t<\/div><\/div>[\/vc_column_inner][vc_column_inner width=&#8221;1\/3&#8243;]<div class=\"rs-services\"><div class=\"service-inner services-style-2 left \">\r\n\t\t\t\t<div class=\"services-wrap\"> \r\n\t\t\t        <div class=\"services-item\">\r\n\t\t\t            <div class=\"services-icon\">\r\n\t\t\t                <a ><img decoding=\"async\" src=\"https:\/\/leandrosepulveda.com\/site\/wp-content\/uploads\/2018\/05\/brainstorm.png\" alt=\"Rs-service\" \/><\/a>\r\n\t\t\t            <\/div>\r\n\t\t\t\t\t\t<h3 class=\"services-title services-title2\"><a >Bases de Datos<\/a><\/h3>       \r\n\t\t\t\t\t\t<div class=\"services-desc\">\t\t\t\r\n\t\t\t\t\t\t\tGesti\u00f3n General de Base de Datos, Modelado de Datos y Dise\u00f1o de Base de Datos. \r\n\t\t\t\t\t\t<\/div>\t\t\r\n\t\t\t\t\t<\/div>\t\r\n\t\t\t\t<\/div>\r\n\t\t<\/div><\/div>[\/vc_column_inner][vc_column_inner width=&#8221;1\/3&#8243;]<div class=\"rs-services\"><div class=\"service-inner services-style-2 left \">\r\n\t\t\t\t<div class=\"services-wrap\"> \r\n\t\t\t        <div class=\"services-item\">\r\n\t\t\t            <div class=\"services-icon\">\r\n\t\t\t                <a ><img decoding=\"async\" src=\"https:\/\/leandrosepulveda.com\/site\/wp-content\/uploads\/2018\/05\/content.png\" alt=\"Rs-service\" \/><\/a>\r\n\t\t\t            <\/div>\r\n\t\t\t\t\t\t<h3 class=\"services-title services-title2\"><a >Servidores<\/a><\/h3>       \r\n\t\t\t\t\t\t<div class=\"services-desc\">\t\t\t\r\n\t\t\t\t\t\t\tPlaneaci\u00f3n, Instalaci\u00f3n, Soporte y Mantenimiento de\u00a0 Servidores. \r\n\t\t\t\t\t\t<\/div>\t\t\r\n\t\t\t\t\t<\/div>\t\r\n\t\t\t\t<\/div>\r\n\t\t<\/div><\/div>[\/vc_column_inner][\/vc_row_inner][\/vc_column][\/vc_row][vc_row full_width=&#8221;stretch_row&#8221; css=&#8221;.vc_custom_1527322041822{padding-top: 65px !important;padding-bottom: 82px !important;}&#8221; el_id=&#8221;rs-blog&#8221;][vc_column]<div class=\"rs-blog home-blog-area \">\r\n\t\t<div class=\"blog-carousel blog-slider owl-carousel owl-navigation-yes\" data-carousel-options=\"{&quot;nav&quot;:true,&quot;navText&quot;:[&quot;&lt;i class=&#039;fa fa-angle-left&#039;&gt;&lt;\\\/i&gt;&quot;,&quot;&lt;i class=&#039;fa fa-angle-right&#039;&gt;&lt;\\\/i&gt;&quot;],&quot;dots&quot;:false,&quot;autoplay&quot;:true,&quot;autoplayTimeout&quot;:&quot;5000&quot;,&quot;stagePadding&quot;:12,&quot;autoplaySpeed&quot;:&quot;200&quot;,&quot;autoplayHoverPause&quot;:true,&quot;loop&quot;:true,&quot;margin&quot;:20,&quot;responsive&quot;:{&quot;0&quot;:{&quot;items&quot;:&quot;1&quot;},&quot;480&quot;:{&quot;items&quot;:&quot;1&quot;},&quot;768&quot;:{&quot;items&quot;:&quot;2&quot;},&quot;992&quot;:{&quot;items&quot;:&quot;3&quot;},&quot;1200&quot;:{&quot;items&quot;:&quot;3&quot;}}}\"><div class=\"single-blog-slide\">\r\n\t\t\t\t<div class=\"images\">\r\n\t\t\t\t\t<img decoding=\"async\" src=\"https:\/\/leandrosepulveda.com\/site\/wp-content\/uploads\/2021\/09\/devops.png\" alt=\"DevOps RoadMap 2021\" \/>\r\n\t\t\t\t\t<span>30 septiembre, 2021<\/span>\r\n\t\t\t\t\t<div class=\"overley\">\r\n                        <ul>\r\n                            <li><a class=\"blog-link\" href=\"https:\/\/leandrosepulveda.com\/site\/?post_type=post&p=2407\" title=\"DevOps RoadMap 2021\"><i class=\"fa fa-link\"><\/i><\/a><\/li>           \r\n                            <li><a class=\"image-popup p-zoom\" href=\"https:\/\/leandrosepulveda.com\/site\/wp-content\/uploads\/2021\/09\/devops.png\"><i class=\"fa fa-search\"><\/i> <\/a><\/li>        \r\n                        <\/ul>\r\n                    <\/div>\r\n\t\t\t\t<\/div>\r\n\t\t\t\t<div class=\"blog-informations\"><div class=\"blog-details\">\r\n                    <h3><a href=\"https:\/\/leandrosepulveda.com\/site\/?post_type=post&p=2407\"> DevOps RoadMap 2021 <\/a><\/h3>\r\n                    <p>DevOps, la metodolog\u00eda que est\u00e1 cambiando la forma en desarrollar el software, no solo a nivel tecnol\u00f3gico, sino tambi\u00e9n empresarial.<\/p>\r\n                    <div class=\"read-more\">\r\n                        <a href=\"https:\/\/leandrosepulveda.com\/site\/?post_type=post&p=2407\">Leer m\u00e1s<\/a>\r\n                    <\/div>\r\n            \t<\/div>\r\n\t\t\t\t<\/div>\t\t\t\t\r\n\t\t  <\/div>\t\t\t\t\r\n\t\t<div class=\"single-blog-slide\">\r\n\t\t\t\t<div class=\"images\">\r\n\t\t\t\t\t<img decoding=\"async\" src=\"https:\/\/leandrosepulveda.com\/site\/wp-content\/uploads\/2020\/09\/clean.png\" alt=\"Principios SOLID\" \/>\r\n\t\t\t\t\t<span>19 septiembre, 2020<\/span>\r\n\t\t\t\t\t<div class=\"overley\">\r\n                        <ul>\r\n                            <li><a class=\"blog-link\" href=\"https:\/\/leandrosepulveda.com\/site\/?post_type=post&p=2362\" title=\"Principios SOLID\"><i class=\"fa fa-link\"><\/i><\/a><\/li>           \r\n                            <li><a class=\"image-popup p-zoom\" href=\"https:\/\/leandrosepulveda.com\/site\/wp-content\/uploads\/2020\/09\/clean.png\"><i class=\"fa fa-search\"><\/i> <\/a><\/li>        \r\n                        <\/ul>\r\n                    <\/div>\r\n\t\t\t\t<\/div>\r\n\t\t\t\t<div class=\"blog-informations\"><div class=\"blog-details\">\r\n                    <h3><a href=\"https:\/\/leandrosepulveda.com\/site\/?post_type=post&p=2362\"> Principios SOLID <\/a><\/h3>\r\n                    <p>Solid es un acr\u00f3nimo inventado por Robert C.Martin para establecer los cinco principios b\u00e1sicos de la programaci\u00f3n orientada a objetos [&hellip;]<\/p>\r\n                    <div class=\"read-more\">\r\n                        <a href=\"https:\/\/leandrosepulveda.com\/site\/?post_type=post&p=2362\">Leer m\u00e1s<\/a>\r\n                    <\/div>\r\n            \t<\/div>\r\n\t\t\t\t<\/div>\t\t\t\t\r\n\t\t  <\/div>\t\t\t\t\r\n\t\t<div class=\"single-blog-slide\">\r\n\t\t\t\t<div class=\"images\">\r\n\t\t\t\t\t<img decoding=\"async\" src=\"https:\/\/leandrosepulveda.com\/site\/wp-content\/uploads\/2020\/09\/brazo.png\" alt=\"Arduino Uno &#038; Brazo Rob\u00f3tico\" \/>\r\n\t\t\t\t\t<span>19 agosto, 2020<\/span>\r\n\t\t\t\t\t<div class=\"overley\">\r\n                        <ul>\r\n                            <li><a class=\"blog-link\" href=\"https:\/\/leandrosepulveda.com\/site\/?post_type=post&p=2350\" title=\"Arduino Uno &#038; Brazo Rob\u00f3tico\"><i class=\"fa fa-link\"><\/i><\/a><\/li>           \r\n                            <li><a class=\"image-popup p-zoom\" href=\"https:\/\/leandrosepulveda.com\/site\/wp-content\/uploads\/2020\/09\/brazo.png\"><i class=\"fa fa-search\"><\/i> <\/a><\/li>        \r\n                        <\/ul>\r\n                    <\/div>\r\n\t\t\t\t<\/div>\r\n\t\t\t\t<div class=\"blog-informations\"><div class=\"blog-details\">\r\n                    <h3><a href=\"https:\/\/leandrosepulveda.com\/site\/?post_type=post&p=2350\"> Arduino Uno &#038; Brazo Rob\u00f3tico <\/a><\/h3>\r\n                    <p>Aburrido en la cuarentena, recorde que tenia guardado un kit de un brazo rob\u00f3tico controlado por 4 servos. Intent\u00e9 controlar [&hellip;]<\/p>\r\n                    <div class=\"read-more\">\r\n                        <a href=\"https:\/\/leandrosepulveda.com\/site\/?post_type=post&p=2350\">Leer m\u00e1s<\/a>\r\n                    <\/div>\r\n            \t<\/div>\r\n\t\t\t\t<\/div>\t\t\t\t\r\n\t\t  <\/div>\t\t\t\t\r\n\t\t<div class=\"single-blog-slide\">\r\n\t\t\t\t<div class=\"images\">\r\n\t\t\t\t\t<img decoding=\"async\" src=\"https:\/\/leandrosepulveda.com\/site\/wp-content\/uploads\/2018\/05\/linux.png\" alt=\"Los 20 comandos linux m\u00e1s usados\" \/>\r\n\t\t\t\t\t<span>21 mayo, 2018<\/span>\r\n\t\t\t\t\t<div class=\"overley\">\r\n                        <ul>\r\n                            <li><a class=\"blog-link\" href=\"https:\/\/leandrosepulveda.com\/site\/?post_type=post&p=1397\" title=\"Los 20 comandos linux m\u00e1s usados\"><i class=\"fa fa-link\"><\/i><\/a><\/li>           \r\n                            <li><a class=\"image-popup p-zoom\" href=\"https:\/\/leandrosepulveda.com\/site\/wp-content\/uploads\/2018\/05\/linux.png\"><i class=\"fa fa-search\"><\/i> <\/a><\/li>        \r\n                        <\/ul>\r\n                    <\/div>\r\n\t\t\t\t<\/div>\r\n\t\t\t\t<div class=\"blog-informations\"><div class=\"blog-details\">\r\n                    <h3><a href=\"https:\/\/leandrosepulveda.com\/site\/?post_type=post&p=1397\"> Los 20 comandos linux m\u00e1s usados <\/a><\/h3>\r\n                    <p>Dominar la l\u00ednea de comandos linux es algo de gran ayuda para cualquier desarrollador web que permite ser m\u00e1s \u00e1gil [&hellip;]<\/p>\r\n                    <div class=\"read-more\">\r\n                        <a href=\"https:\/\/leandrosepulveda.com\/site\/?post_type=post&p=1397\">Leer m\u00e1s<\/a>\r\n                    <\/div>\r\n            \t<\/div>\r\n\t\t\t\t<\/div>\t\t\t\t\r\n\t\t  <\/div>\t\t\t\t\r\n\t\t<\/div>\r\n\t\t\t<\/div>[\/vc_column][\/vc_row]<\/p>\n<\/div>","protected":false},"excerpt":{"rendered":"<p>[vc_row full_width=&#8221;stretch_row_content_no_spaces&#8221; shape=&#8221;Shape2&#8243; css=&#8221;.vc_custom_1527227735091{background-position: center !important;background-repeat: no-repeat !important;background-size: cover !important;}&#8221; el_class=&#8221;gray-bg&#8221;][vc_column css=&#8221;.vc_custom_1527158176132{margin-top: 0px !important;margin-bottom: 0px !important;padding-top: 0px !important;}&#8221;][\/vc_column][\/vc_row][vc_row full_width=&#8221;stretch_row&#8221; css=&#8221;.vc_custom_1527665117672{padding-top: [&hellip;]<\/p>\n","protected":false},"author":1,"featured_media":0,"parent":0,"menu_order":0,"comment_status":"closed","ping_status":"closed","template":"","meta":{"footnotes":""},"class_list":["post-1454","page","type-page","status-publish","hentry"],"aioseo_notices":[],"jetpack_sharing_enabled":true,"_links":{"self":[{"href":"https:\/\/leandrosepulveda.com\/site\/wp-json\/wp\/v2\/pages\/1454","targetHints":{"allow":["GET"]}}],"collection":[{"href":"https:\/\/leandrosepulveda.com\/site\/wp-json\/wp\/v2\/pages"}],"about":[{"href":"https:\/\/leandrosepulveda.com\/site\/wp-json\/wp\/v2\/types\/page"}],"author":[{"embeddable":true,"href":"https:\/\/leandrosepulveda.com\/site\/wp-json\/wp\/v2\/users\/1"}],"replies":[{"embeddable":true,"href":"https:\/\/leandrosepulveda.com\/site\/wp-json\/wp\/v2\/comments?post=1454"}],"version-history":[{"count":6,"href":"https:\/\/leandrosepulveda.com\/site\/wp-json\/wp\/v2\/pages\/1454\/revisions"}],"predecessor-version":[{"id":2634,"href":"https:\/\/leandrosepulveda.com\/site\/wp-json\/wp\/v2\/pages\/1454\/revisions\/2634"}],"wp:attachment":[{"href":"https:\/\/leandrosepulveda.com\/site\/wp-json\/wp\/v2\/media?parent=1454"}],"curies":[{"name":"wp","href":"https:\/\/api.w.org\/{rel}","templated":true}]}}