{"id":1886,"date":"2018-05-30T04:26:22","date_gmt":"2018-05-30T04:26:22","guid":{"rendered":"http:\/\/192.168.0.101\/poster\/?page_id=1886"},"modified":"2024-10-06T21:51:10","modified_gmt":"2024-10-07T01:51:10","slug":"about-me","status":"publish","type":"page","link":"https:\/\/leandrosepulveda.com\/site\/about-me\/","title":{"rendered":"Sobre M\u00ed"},"content":{"rendered":"<div class=\"wpb-content-wrapper\"><p>[vc_row full_width=&#8221;stretch_row&#8221; el_class=&#8221;rs-about&#8221; css=&#8221;.vc_custom_1527919764195{padding-top: 100px !important;padding-bottom: 89px !important;}&#8221; el_id=&#8221;about-me&#8221;][vc_column width=&#8221;1\/2&#8243; el_class=&#8221;left-image&#8221; css=&#8221;.vc_custom_1527580303363{padding-bottom: 0px !important;}&#8221;]<div class=\"rs-header-title header-left  \">         \r\n        \t\t<h2 class=\"title\">YO SOY Leandro Sep\u00falveda<\/h2><h4 class=\"introtext\" >Desarrollador de Aplicaciones<\/h4><\/div>[vc_column_text css=&#8221;&#8221;]Tengo experiencia desarrollando en: C#, ASP.NET Framework, ASP.NET Core, PHP, CodeIgniter, Javascript, SQL Server y MySQL.<\/p>\n<blockquote>\n<p>Soy desarrollador de software con m\u00e1s de 15 a\u00f1os de experiencia, enfocado a herramientas de Microsoft principalmente.<\/p>\n<\/blockquote>\n<p>Cuento con conocimientos de: Python, Java, React, CSS3, MongoDB, PostgreSQL, Xamarin, Redes de Datos y Administraci\u00f3n de Servidores(Linux+Windows).<\/p>\n<p><a href=\"https:\/\/www.linkedin.com\/in\/leandro-juan-sep%C3%BAlveda-cuevas-7718b46\/\" target=\"_blank\" rel=\"noopener\"><img loading=\"lazy\" decoding=\"async\" class=\"alignnone wp-image-2440 aligncenter\" src=\"http:\/\/leandrosepulveda.com\/site\/wp-content\/uploads\/2024\/09\/depositphotos_415634850-stock-illustration-linkedin-logo-vector-editorial-illustration-300x297.webp\" alt=\"\" width=\"71\" height=\"70\" srcset=\"https:\/\/leandrosepulveda.com\/site\/wp-content\/uploads\/2024\/09\/depositphotos_415634850-stock-illustration-linkedin-logo-vector-editorial-illustration-300x300.webp 300w, https:\/\/leandrosepulveda.com\/site\/wp-content\/uploads\/2024\/09\/depositphotos_415634850-stock-illustration-linkedin-logo-vector-editorial-illustration-150x150.webp 150w, https:\/\/leandrosepulveda.com\/site\/wp-content\/uploads\/2024\/09\/depositphotos_415634850-stock-illustration-linkedin-logo-vector-editorial-illustration-100x100.webp 100w, https:\/\/leandrosepulveda.com\/site\/wp-content\/uploads\/2024\/09\/depositphotos_415634850-stock-illustration-linkedin-logo-vector-editorial-illustration.webp 600w\" sizes=\"auto, (max-width: 71px) 100vw, 71px\" \/><\/a><\/p>\n<p>[\/vc_column_text][\/vc_column][vc_column width=&#8221;1\/2&#8243; css=&#8221;.vc_custom_1527583152858{background-position: center !important;background-repeat: no-repeat !important;background-size: cover !important;}&#8221;][vc_single_image image=&#8221;2281&#8243; img_size=&#8221;full&#8221; css=&#8221;.vc_custom_1728265880123{padding-top: 40px !important;}&#8221;][\/vc_column][\/vc_row][vc_row full_width=&#8221;stretch_row&#8221; css=&#8221;.vc_custom_1527665117672{padding-top: 56px !important;padding-bottom: 60px !important;background-color: #f8f8f8 !important;}&#8221; el_id=&#8221;rs-skills&#8221; el_class=&#8221;rs-skills&#8221;][vc_column width=&#8221;1\/2&#8243;]\r\n        <div class=\"rs-heading   \">\r\n        \t<div class=\"title-inner\">\r\n\t            \r\n\t            <h2>Experiencia<\/h2>\r\n\t        <\/div><\/div>[vc_column_text]<\/p>\n<div class=\"resume-item\">\n<h4>Indotel &#8211; Programador Web<\/h4>\n<p class=\"duration\">(2016 \u2013 2020)<\/p>\n<p class=\"square-effect\">Desarrollar y mantener aplicaciones web utilizando C#, PHP, MS SQL<br \/>\nServer y MySQL, as\u00ed como tambi\u00e9n ayudar al encargado de<br \/>\ninfraestructura a administrar los servidores web.<\/p>\n<\/div>\n<div class=\"resume-item\">\n<h4>Mitur\u00a0 &#8211; Programador<\/h4>\n<p class=\"duration\">(2012 \u2013 2016)<\/p>\n<p class=\"square-effect\">Desarrollar nuevas funcionalidades para la intranet del Departamento de Planificaci\u00f3n y Proyectos. Administrar y mantener la base de datos de la\u00a0 intranet(MS SQL Server 2008). Administrar el servidor que aloja la intranet(Windows Server 2008 R2). Identificar posibles puntos de ataque en la aplicaci\u00f3n web. Administraci\u00f3n y Mantenimiento de la base de datos de la aplicaci\u00f3n web.\u00a0 Administraci\u00f3n del Hosting y los Backups de la aplicaci\u00f3n web (Linux CentOS).<\/p>\n<\/div>\n<p>[\/vc_column_text][\/vc_column][vc_column width=&#8221;1\/2&#8243;]\r\n        <div class=\"rs-heading  vc_custom_1600544054076  \">\r\n        \t<div class=\"title-inner\">\r\n\t            \r\n\t            <h2>Habilidades<\/h2>\r\n\t        <\/div><\/div>[vc_progress_bar values=&#8221;%5B%7B%22label%22%3A%22Desarrollo%20Web%22%2C%22value%22%3A%2295%22%7D%2C%7B%22label%22%3A%22Base%20de%20Datos%22%2C%22value%22%3A%2270%22%7D%2C%7B%22label%22%3A%22Redes%20de%20Datos%22%2C%22value%22%3A%2240%22%7D%2C%7B%22label%22%3A%22Servidores%22%2C%22value%22%3A%2260%22%7D%2C%7B%22label%22%3A%22Ingl%C3%A9s%22%2C%22value%22%3A%2267%22%7D%5D&#8221; bgcolor=&#8221;black&#8221; options=&#8221;striped,animated&#8221; css=&#8221;.vc_custom_1600544200176{padding-top: 5px !important;}&#8221; units=&#8221;%&#8221;][\/vc_column][\/vc_row][vc_row full_width=&#8221;stretch_row&#8221; css=&#8221;.vc_custom_1527919811406{padding-top: 66px !important;padding-bottom: 70px !important;}&#8221; el_id=&#8221;rs-services&#8221; el_class=&#8221;service-square-effect&#8221;][vc_column][vc_row_inner][vc_column_inner width=&#8221;1\/3&#8243;]<div class=\"rs-services\"><div class=\"service-inner services-style-2 left \">\r\n\t\t\t\t<div class=\"services-wrap\"> \r\n\t\t\t        <div class=\"services-item\">\r\n\t\t\t            <div class=\"services-icon\">\r\n\t\t\t                <a ><img decoding=\"async\" src=\"https:\/\/leandrosepulveda.com\/site\/wp-content\/uploads\/2018\/05\/web-design.png\" alt=\"Rs-service\" \/><\/a>\r\n\t\t\t            <\/div>\r\n\t\t\t\t\t\t<h3 class=\"services-title services-title2\"><a >Desarrollo de Apps<\/a><\/h3>       \r\n\t\t\t\t\t\t<div class=\"services-desc\">\t\t\t\r\n\t\t\t\t\t\t\tDesarrollo, implementaci\u00f3n y ejecuci\u00f3n de\u00a0 aplicaciones web y m\u00f3viles. \r\n\t\t\t\t\t\t<\/div>\t\t\r\n\t\t\t\t\t<\/div>\t\r\n\t\t\t\t<\/div>\r\n\t\t<\/div><\/div>[\/vc_column_inner][vc_column_inner width=&#8221;1\/3&#8243;]<div class=\"rs-services\"><div class=\"service-inner services-style-2 left \">\r\n\t\t\t\t<div class=\"services-wrap\"> \r\n\t\t\t        <div class=\"services-item\">\r\n\t\t\t            <div class=\"services-icon\">\r\n\t\t\t                <a ><img decoding=\"async\" src=\"https:\/\/leandrosepulveda.com\/site\/wp-content\/uploads\/2018\/05\/brainstorm.png\" alt=\"Rs-service\" \/><\/a>\r\n\t\t\t            <\/div>\r\n\t\t\t\t\t\t<h3 class=\"services-title services-title2\"><a >Bases de Datos<\/a><\/h3>       \r\n\t\t\t\t\t\t<div class=\"services-desc\">\t\t\t\r\n\t\t\t\t\t\t\tGesti\u00f3n General de Base de Datos, Modelado de Datos y Dise\u00f1o de Base de Datos. \r\n\t\t\t\t\t\t<\/div>\t\t\r\n\t\t\t\t\t<\/div>\t\r\n\t\t\t\t<\/div>\r\n\t\t<\/div><\/div>[\/vc_column_inner][vc_column_inner width=&#8221;1\/3&#8243;]<div class=\"rs-services\"><div class=\"service-inner services-style-2 left \">\r\n\t\t\t\t<div class=\"services-wrap\"> \r\n\t\t\t        <div class=\"services-item\">\r\n\t\t\t            <div class=\"services-icon\">\r\n\t\t\t                <a ><img decoding=\"async\" src=\"https:\/\/leandrosepulveda.com\/site\/wp-content\/uploads\/2018\/05\/content.png\" alt=\"Rs-service\" \/><\/a>\r\n\t\t\t            <\/div>\r\n\t\t\t\t\t\t<h3 class=\"services-title services-title2\"><a >Servidores<\/a><\/h3>       \r\n\t\t\t\t\t\t<div class=\"services-desc\">\t\t\t\r\n\t\t\t\t\t\t\tPlaneaci\u00f3n, Instalaci\u00f3n, Soporte y Mantenimiento de\u00a0 Servidores. \r\n\t\t\t\t\t\t<\/div>\t\t\r\n\t\t\t\t\t<\/div>\t\r\n\t\t\t\t<\/div>\r\n\t\t<\/div><\/div>[\/vc_column_inner][\/vc_row_inner][\/vc_column][\/vc_row][vc_row full_width=&#8221;stretch_row&#8221; css=&#8221;.vc_custom_1527663693144{padding-top: 55px !important;padding-bottom: 90px !important;background-image: url(http:\/\/www.keenitsolutions.com\/products\/wordpress\/mifo\/wp-content\/uploads\/2018\/05\/call-to-action.jpg?id=1880) !important;background-position: center !important;background-repeat: no-repeat !important;background-size: cover !important;}&#8221;][vc_column]<div class=\"rs-header-title header-center  width50 header-title-square-effect light\">         \r\n        \t\t<h2 class=\"title\">Desarrollo de aplicaciones web &amp; administraci\u00f3n de sistemas<\/h2><div class=\"header-button\">\r\n\t                    <a href=\"\/site\/contact\/\" title=\"\"  class=\"readon border smoothPortfolio\">Contactame<\/a>\r\n\t                <\/div><\/div>[\/vc_column][\/vc_row]<\/p>\n<\/div>","protected":false},"excerpt":{"rendered":"<p>[vc_row full_width=&#8221;stretch_row&#8221; el_class=&#8221;rs-about&#8221; css=&#8221;.vc_custom_1527919764195{padding-top: 100px !important;padding-bottom: 89px !important;}&#8221; el_id=&#8221;about-me&#8221;][vc_column width=&#8221;1\/2&#8243; el_class=&#8221;left-image&#8221; css=&#8221;.vc_custom_1527580303363{padding-bottom: 0px !important;}&#8221;][vc_column_text css=&#8221;&#8221;]Tengo experiencia desarrollando en: C#, ASP.NET [&hellip;]<\/p>\n","protected":false},"author":1,"featured_media":0,"parent":0,"menu_order":0,"comment_status":"closed","ping_status":"closed","template":"","meta":{"footnotes":""},"class_list":["post-1886","page","type-page","status-publish","hentry"],"aioseo_notices":[],"jetpack_sharing_enabled":true,"_links":{"self":[{"href":"https:\/\/leandrosepulveda.com\/site\/wp-json\/wp\/v2\/pages\/1886","targetHints":{"allow":["GET"]}}],"collection":[{"href":"https:\/\/leandrosepulveda.com\/site\/wp-json\/wp\/v2\/pages"}],"about":[{"href":"https:\/\/leandrosepulveda.com\/site\/wp-json\/wp\/v2\/types\/page"}],"author":[{"embeddable":true,"href":"https:\/\/leandrosepulveda.com\/site\/wp-json\/wp\/v2\/users\/1"}],"replies":[{"embeddable":true,"href":"https:\/\/leandrosepulveda.com\/site\/wp-json\/wp\/v2\/comments?post=1886"}],"version-history":[{"count":6,"href":"https:\/\/leandrosepulveda.com\/site\/wp-json\/wp\/v2\/pages\/1886\/revisions"}],"predecessor-version":[{"id":2462,"href":"https:\/\/leandrosepulveda.com\/site\/wp-json\/wp\/v2\/pages\/1886\/revisions\/2462"}],"wp:attachment":[{"href":"https:\/\/leandrosepulveda.com\/site\/wp-json\/wp\/v2\/media?parent=1886"}],"curies":[{"name":"wp","href":"https:\/\/api.w.org\/{rel}","templated":true}]}}